{"id":4082,"date":"2020-05-26T17:33:25","date_gmt":"2020-05-26T17:33:25","guid":{"rendered":"http:\/\/distribuidorabrandon.com\/?post_type=product&#038;p=4082"},"modified":"2020-06-22T22:29:16","modified_gmt":"2020-06-22T22:29:16","slug":"eyelash-curlers-encrespador-de-pestanas","status":"publish","type":"product","link":"https:\/\/distribuidorabrandon.com\/?product=eyelash-curlers-encrespador-de-pestanas","title":{"rendered":"EYELASH CURLERS \/ ENCRESPADOR DE PESTA\u00d1AS"},"content":{"rendered":"","protected":false},"excerpt":{"rendered":"<p>LEVANTA PESTA\u00d1AS DE UNA MANERA SENCILLA Y PR\u00c1CTICA<\/p>\n","protected":false},"featured_media":3645,"template":"","meta":{"_monsterinsights_skip_tracking":false,"_monsterinsights_sitenote_active":false,"_monsterinsights_sitenote_note":"","_monsterinsights_sitenote_category":0},"product_cat":[76],"product_tag":[],"_links":{"self":[{"href":"https:\/\/distribuidorabrandon.com\/index.php?rest_route=\/wp\/v2\/product\/4082"}],"collection":[{"href":"https:\/\/distribuidorabrandon.com\/index.php?rest_route=\/wp\/v2\/product"}],"about":[{"href":"https:\/\/distribuidorabrandon.com\/index.php?rest_route=\/wp\/v2\/types\/product"}],"wp:featuredmedia":[{"embeddable":true,"href":"https:\/\/distribuidorabrandon.com\/index.php?rest_route=\/wp\/v2\/media\/3645"}],"wp:attachment":[{"href":"https:\/\/distribuidorabrandon.com\/index.php?rest_route=%2Fwp%2Fv2%2Fmedia&parent=4082"}],"wp:term":[{"taxonomy":"product_cat","embeddable":true,"href":"https:\/\/distribuidorabrandon.com\/index.php?rest_route=%2Fwp%2Fv2%2Fproduct_cat&post=4082"},{"taxonomy":"product_tag","embeddable":true,"href":"https:\/\/distribuidorabrandon.com\/index.php?rest_route=%2Fwp%2Fv2%2Fproduct_tag&post=4082"}],"curies":[{"name":"wp","href":"https:\/\/api.w.org\/{rel}","templated":true}]}}