{"id":4099,"date":"2020-05-26T18:40:55","date_gmt":"2020-05-26T18:40:55","guid":{"rendered":"http:\/\/distribuidorabrandon.com\/?post_type=product&#038;p=4099"},"modified":"2020-06-22T23:01:08","modified_gmt":"2020-06-22T23:01:08","slug":"mascara-3-in-1","status":"publish","type":"product","link":"https:\/\/distribuidorabrandon.com\/?product=mascara-3-in-1","title":{"rendered":"M\u00c1SCARA 3 IN 1"},"content":{"rendered":"","protected":false},"excerpt":{"rendered":"<p>TRIO DE M\u00c1SCARA: 1. M\u00c1SCARA 2. LAPIZ DELINEADOR 3. SACAPUNTA \/ RESISTENTE AL AGUA<\/p>\n","protected":false},"featured_media":3657,"template":"","meta":{"_monsterinsights_skip_tracking":false,"_monsterinsights_sitenote_active":false,"_monsterinsights_sitenote_note":"","_monsterinsights_sitenote_category":0},"product_cat":[69,252],"product_tag":[],"_links":{"self":[{"href":"https:\/\/distribuidorabrandon.com\/index.php?rest_route=\/wp\/v2\/product\/4099"}],"collection":[{"href":"https:\/\/distribuidorabrandon.com\/index.php?rest_route=\/wp\/v2\/product"}],"about":[{"href":"https:\/\/distribuidorabrandon.com\/index.php?rest_route=\/wp\/v2\/types\/product"}],"wp:featuredmedia":[{"embeddable":true,"href":"https:\/\/distribuidorabrandon.com\/index.php?rest_route=\/wp\/v2\/media\/3657"}],"wp:attachment":[{"href":"https:\/\/distribuidorabrandon.com\/index.php?rest_route=%2Fwp%2Fv2%2Fmedia&parent=4099"}],"wp:term":[{"taxonomy":"product_cat","embeddable":true,"href":"https:\/\/distribuidorabrandon.com\/index.php?rest_route=%2Fwp%2Fv2%2Fproduct_cat&post=4099"},{"taxonomy":"product_tag","embeddable":true,"href":"https:\/\/distribuidorabrandon.com\/index.php?rest_route=%2Fwp%2Fv2%2Fproduct_tag&post=4099"}],"curies":[{"name":"wp","href":"https:\/\/api.w.org\/{rel}","templated":true}]}}