{"id":4842,"date":"2020-06-25T19:29:28","date_gmt":"2020-06-25T19:29:28","guid":{"rendered":"https:\/\/distribuidorabrandon.com\/?post_type=product&#038;p=4842"},"modified":"2020-06-25T19:37:12","modified_gmt":"2020-06-25T19:37:12","slug":"combo-de-termometros-digitales","status":"publish","type":"product","link":"https:\/\/distribuidorabrandon.com\/?product=combo-de-termometros-digitales","title":{"rendered":"Combo de term\u00f3metros digitales"},"content":{"rendered":"","protected":false},"excerpt":{"rendered":"<p>&#8211; Term\u00f3metro digital punta flexible y term\u00f3metro digital infrared.<\/p>\n","protected":false},"featured_media":4843,"template":"","meta":{"_monsterinsights_skip_tracking":false,"_monsterinsights_sitenote_active":false,"_monsterinsights_sitenote_note":"","_monsterinsights_sitenote_category":0},"product_cat":[271],"product_tag":[],"_links":{"self":[{"href":"https:\/\/distribuidorabrandon.com\/index.php?rest_route=\/wp\/v2\/product\/4842"}],"collection":[{"href":"https:\/\/distribuidorabrandon.com\/index.php?rest_route=\/wp\/v2\/product"}],"about":[{"href":"https:\/\/distribuidorabrandon.com\/index.php?rest_route=\/wp\/v2\/types\/product"}],"wp:featuredmedia":[{"embeddable":true,"href":"https:\/\/distribuidorabrandon.com\/index.php?rest_route=\/wp\/v2\/media\/4843"}],"wp:attachment":[{"href":"https:\/\/distribuidorabrandon.com\/index.php?rest_route=%2Fwp%2Fv2%2Fmedia&parent=4842"}],"wp:term":[{"taxonomy":"product_cat","embeddable":true,"href":"https:\/\/distribuidorabrandon.com\/index.php?rest_route=%2Fwp%2Fv2%2Fproduct_cat&post=4842"},{"taxonomy":"product_tag","embeddable":true,"href":"https:\/\/distribuidorabrandon.com\/index.php?rest_route=%2Fwp%2Fv2%2Fproduct_tag&post=4842"}],"curies":[{"name":"wp","href":"https:\/\/api.w.org\/{rel}","templated":true}]}}